{"id":7490,"date":"2020-06-05T19:16:50","date_gmt":"2020-06-05T19:16:50","guid":{"rendered":"https:\/\/alsaedco.com\/new\/ar\/?post_type=product&#038;p=7490"},"modified":"2023-06-25T06:51:04","modified_gmt":"2023-06-25T06:51:04","slug":"%d8%ba%d8%b3%d8%a7%d9%84%d8%a9-%d8%a7%d9%84%d8%b5%d8%ad%d9%88%d9%86-hsp3a","status":"publish","type":"product","link":"https:\/\/alsaedco.com\/ar\/product\/%d8%ba%d8%b3%d8%a7%d9%84%d8%a9-%d8%a7%d9%84%d8%b5%d8%ad%d9%88%d9%86-hsp3a\/","title":{"rendered":"\u063a\u0633\u0627\u0644\u0629 \u0627\u0644\u0635\u062d\u0648\u0646 HSP3A"},"content":{"rendered":"","protected":false},"excerpt":{"rendered":"<h2 style=\"text-align: justify;\"><span style=\"font-size: 12pt; color: #000000;\"><strong>\u0627\u0644\u0648\u0635\u0641 \u063a\u0633\u0627\u0644\u0629 \u0627\u0644\u0635\u062d\u0648\u0646 HSP3A:<\/strong><\/span><\/h2>\n<p style=\"text-align: justify;\"><span style=\"font-size: 12pt; color: #000000;\">\u062a\u0639\u062a\u0628\u0631 \u063a\u0633\u0627\u0644\u0627\u062a \u0627\u0644\u0635\u062d\u0648\u0646\u00a0 HSP \u0645\u0646 \u0623\u0643\u062b\u0631 \u0627\u0644\u063a\u0633\u0627\u0644\u0627\u062a \u0641\u0627\u0639\u0644\u064a\u0629 \u0648 \u0625\u0633\u062a\u062e\u062f\u0627\u0645\u0627 \u0644\u063a\u0633\u0644 \u0627\u0644\u0623\u0643\u0648\u0627\u0628 \u0648 \u0627\u0644\u0623\u0637\u0628\u0627\u0642 \u0648 \u0627\u0644\u0635\u062d\u0648\u0646 \u062d\u064a\u062b \u062a\u0645\u062a\u0627\u0632 \u0628\u0623\u0644\u064a\u0629 \u062d\u0631\u0641\u064a\u0629 \u0648 \u0628\u0627\u0628 \u0645\u062a\u0648\u0627\u0632\u0646 \u0630\u064a \u062c\u062f\u0627\u0631 \u0645\u0632\u062f\u0648\u062c\u00a0\u0648 \u0645\u0631\u0627\u0642\u0628\u0629 \u0627\u0644\u0643\u062a\u0631\u0648\u0645\u064a\u0643\u0627\u0646\u064a\u0643\u064a\u0629 \u0648 \u0645\u0624\u0642\u062a \u0632\u0645\u0646\u064a \u0627\u0644\u0643\u062a\u0631\u0648\u0646\u064a.<\/span><\/p>\n<p style=\"text-align: justify;\"><span style=\"font-size: 12pt; color: #000000;\">\u064a\u062a\u0645 \u0625\u0646\u062a\u0627\u062c \u0647\u0630\u0627 \u0627\u0644\u062c\u0647\u0627\u0632 \u0628\u0634\u0643\u0644 \u0643\u0627\u0645\u0644 \u0645\u0646 \u0633\u062a\u0646\u0644\u0633 \u0633\u062a\u064a\u0644 304 \u0627\u0644\u0645\u0642\u0627\u0648\u0645 \u0644\u0644\u0635\u062f\u0623 \u0641\u064a \u0627\u064a\u0637\u0627\u0644\u064a\u0627.<\/span><\/p>\n<p style=\"text-align: justify;\"><span style=\"font-size: 12pt; color: #000000;\"><strong>\u0627\u0644\u0645\u0648\u0627\u0635\u0641\u0627\u062a \u0627\u0644\u0641\u0646\u064a\u0629:<\/strong><\/span><\/p>\n<p style=\"text-align: justify;\"><span style=\"font-size: 12pt; color: #000000;\">\u0627\u0644\u0623\u0628\u0639\u0627\u062f \u0627\u0644\u062e\u0627\u0631\u062c\u064a\u0629: 680 \u0627\u0644\u0627\u0631\u062a\u0641\u0627\u0639 \u00d7 521 \u00d7 430 (C \u00d7 B \u00d7 A) \u0645\u0644\u064a\u0645\u062a\u0631<\/span><\/p>\n<p style=\"text-align: justify;\"><span style=\"font-size: 12pt; color: #000000;\">\u0627\u0644\u062d\u062c\u0645 \u0627\u0644\u0643\u0644\u064a: 851 (D) \u0645\u0644\u064a\u0645\u062a\u0631<\/span><\/p>\n<p style=\"text-align: justify;\"><span style=\"font-size: 12pt; color: #000000;\">\u0633\u0639\u0629 \u0627\u0644\u0633\u0644\u0629: 350 \u00d7 350 \u0645\u0644\u064a\u0645\u062a\u0631<\/span><\/p>\n<p style=\"text-align: justify;\"><span style=\"font-size: 12pt; color: #000000;\">\u0633\u0639\u0629 \u0627\u0644\u062e\u0632\u0627\u0646 \u0627\u0644\u0645\u0627\u0621: 12.5 \u0644\u062a\u0631<\/span><\/p>\n<p style=\"text-align: justify;\"><span style=\"font-size: 12pt; color: #000000;\">\u0633\u0639\u0629 \u0627\u0644\u063a\u0644\u0627\u064a\u0629: 4 \u0644\u062a\u0631<\/span><\/p>\n<p style=\"text-align: justify;\"><span style=\"font-size: 12pt; color: #000000;\">\u062f\u0648\u0631\u0629 \u0625\u0633\u062a\u0647\u0644\u0627\u0643 \u0627\u0644\u0645\u064a\u0627\u0647: 2 \u0644\u062a\u0631<\/span><\/p>\n<p style=\"text-align: justify;\"><span style=\"font-size: 12pt; color: #000000;\">\u0645\u0636\u062e\u0629 \u0627\u0644\u063a\u0633\u064a\u0644: 0.26 \u0643\u064a\u0644\u0648 \u0648\u0627\u0637<\/span><\/p>\n<p style=\"text-align: justify;\"><span style=\"font-size: 12pt; color: #000000;\">\u0645\u0635\u062f\u0631 \u0627\u0644\u0637\u0627\u0642\u0629: \u0627\u0644\u0637\u0627\u0642\u0629 \u0627\u0644\u0643\u0647\u0631\u0628\u0627\u0626\u064a\u0629 230 \u0641\u0648\u0644\u0637 \/ 50 \u0647\u0631\u062a\u0632 \/ \u0623\u062d\u0627\u062f\u064a \u0627\u0644\u0637\u0648\u0631<\/span><\/p>\n<p style=\"text-align: justify;\"><span style=\"font-size: 12pt; color: #000000;\">\u0627\u0644\u0648\u0632\u0646 \u0627\u0644\u0635\u0627\u0641\u064a: 33 \u0643\u0644\u063a<\/span><\/p>\n<p style=\"text-align: justify;\"><span style=\"font-size: 12pt; color: #000000;\">\u0628\u0627\u0645\u0643\u0627\u0646\u0643\u0645 \u0645\u062a\u0627\u0628\u0639\u0629 \u0623\u062e\u0631 \u0627\u0644\u0627\u062e\u0628\u0627\u0631 \u0648 \u0627\u0644\u0645\u0646\u062a\u062c\u0627\u062a \u0627\u0644\u062c\u062f\u064a\u062f\u0629 \u0644\u0644\u0634\u0631\u0643\u0629 \u0639\u0646 \u0637\u0631\u064a\u0642 \u062d\u0633\u0627\u0628\u0646\u0627 \u0641\u064a<span style=\"color: #0000ff;\"> <a style=\"color: #0000ff;\" href=\"https:\/\/www.instagram.com\/alsaed_kitchen_equipment\/\">\u0627\u0644\u0627\u0646\u0633\u062a\u063a\u0631\u0627\u0645<\/a>.<\/span><\/span><\/p>\n<p>\u0644\u0645\u0634\u0627\u0647\u062f\u0629 \u0627\u0644\u0645\u0632\u064a\u062f \u0645\u0646 \u0647\u0630\u0647 \u0627\u0644\u0623\u0646\u0648\u0627\u0639 \u063a\u0633\u0627\u0644\u0629 \u0627\u0644\u0635\u062d\u0648\u0646\u060c \u0642\u0645 \u0628\u0632\u064a\u0627\u0631\u0629 <a href=\"https:\/\/alsaedco.com\/ar\/\">\u0645\u0648\u0642\u0639\u0646\u0627<\/a>.<\/p>\n<p style=\"text-align: justify;\"><span style=\"font-size: 12pt; color: #000000;\"><strong>\u0635\u0646\u0639 \u0641\u064a \u0627\u064a\u0637\u0627\u0644\u064a\u0627<\/strong> <strong>&#8211;<\/strong><strong>HOONVED<\/strong><\/span><\/p>\n","protected":false},"featured_media":12179,"comment_status":"open","ping_status":"closed","template":"","meta":[],"product_brand":[],"product_cat":[500],"product_tag":[],"class_list":{"0":"post-7490","1":"product","2":"type-product","3":"status-publish","4":"has-post-thumbnail","6":"product_cat-cleaning-equipment","8":"first","9":"instock","10":"shipping-taxable","11":"purchasable","12":"product-type-simple"},"_links":{"self":[{"href":"https:\/\/alsaedco.com\/ar\/wp-json\/wp\/v2\/product\/7490","targetHints":{"allow":["GET"]}}],"collection":[{"href":"https:\/\/alsaedco.com\/ar\/wp-json\/wp\/v2\/product"}],"about":[{"href":"https:\/\/alsaedco.com\/ar\/wp-json\/wp\/v2\/types\/product"}],"replies":[{"embeddable":true,"href":"https:\/\/alsaedco.com\/ar\/wp-json\/wp\/v2\/comments?post=7490"}],"version-history":[{"count":0,"href":"https:\/\/alsaedco.com\/ar\/wp-json\/wp\/v2\/product\/7490\/revisions"}],"wp:featuredmedia":[{"embeddable":true,"href":"https:\/\/alsaedco.com\/ar\/wp-json\/wp\/v2\/media\/12179"}],"wp:attachment":[{"href":"https:\/\/alsaedco.com\/ar\/wp-json\/wp\/v2\/media?parent=7490"}],"wp:term":[{"taxonomy":"product_brand","embeddable":true,"href":"https:\/\/alsaedco.com\/ar\/wp-json\/wp\/v2\/product_brand?post=7490"},{"taxonomy":"product_cat","embeddable":true,"href":"https:\/\/alsaedco.com\/ar\/wp-json\/wp\/v2\/product_cat?post=7490"},{"taxonomy":"product_tag","embeddable":true,"href":"https:\/\/alsaedco.com\/ar\/wp-json\/wp\/v2\/product_tag?post=7490"}],"curies":[{"name":"wp","href":"https:\/\/api.w.org\/{rel}","templated":true}]}}