{"id":13959,"date":"2022-09-05T10:12:53","date_gmt":"2022-09-05T10:12:53","guid":{"rendered":"https:\/\/alsaedco.com\/ar\/?post_type=product&#038;p=13959"},"modified":"2023-06-26T05:03:27","modified_gmt":"2023-06-26T05:03:27","slug":"%d9%81%d8%b1%d8%a7%d8%af%d8%a9-%d8%a7%d9%84%d8%b9%d8%ac%d9%8a%d9%86-%d9%84%d9%84%d8%ad%d9%84%d9%88%d9%8a%d8%a7%d8%aa-st-500-70-%d9%86%d8%b3%d8%ae%d8%a9","status":"publish","type":"product","link":"https:\/\/alsaedco.com\/ar\/product\/%d9%81%d8%b1%d8%a7%d8%af%d8%a9-%d8%a7%d9%84%d8%b9%d8%ac%d9%8a%d9%86-%d9%84%d9%84%d8%ad%d9%84%d9%88%d9%8a%d8%a7%d8%aa-st-500-70-%d9%86%d8%b3%d8%ae%d8%a9\/","title":{"rendered":"\u0641\u0631\u0627\u062f\u0629 \u0627\u0644\u0639\u062c\u064a\u0646 \u0644\u0644\u062d\u0644\u0648\u064a\u0627\u062a ST 500 \u2013 70 (\u0646\u0633\u062e\u0629)"},"content":{"rendered":"","protected":false},"excerpt":{"rendered":"<h2>\u0641\u0631\u0627\u062f\u0629 \u0627\u0644\u0639\u062c\u064a\u0646 \u0644\u0644\u062d\u0644\u0648\u064a\u0627\u062a ST 500 \u2013 70<\/h2>\n<p>\u0641\u0631\u0627\u062f\u0629 \u0627\u0644\u0639\u062c\u064a\u0646 \u0644\u0644\u062d\u0644\u0648\u064a\u0627\u062a<\/p>\n<p style=\"text-align: justify;\"><span style=\"color: #000000; font-size: 12pt;\">\u062a\u0633\u062a\u062e\u062f\u0645 \u0647\u0630\u0647 \u0627\u0644\u0641\u0631\u0627\u062f\u0627\u062a \u0644\u062a\u0641\u0631\u064a\u062f \u0639\u062c\u064a\u0646\u0629 \u0627\u0644\u062d\u0644\u0648\u064a\u0627\u062a.<\/span><\/p>\n<p style=\"text-align: justify;\"><span style=\"color: #000000; font-size: 12pt;\">\u0647\u0630\u0647 \u0627\u0644\u0641\u0631\u0627\u062f\u0627\u062a \u0645\u0646\u0627\u0633\u0628\u0629 \u0644\u0625\u0639\u062f\u0627\u062f \u0645\u062e\u062a\u0644\u0641 \u0623\u0646\u0648\u0627\u0639 \u0627\u0644\u062e\u0628\u0632 \u0648 \u0627\u0644\u062d\u0644\u0648\u064a\u0627\u062a \u0641\u064a \u0623\u062d\u062c\u0627\u0645 \u0635\u063a\u064a\u0631\u0629 \u0648 \u0642\u062f \u062a\u0633\u062a\u062e\u062f\u0645 \u0641\u064a \u0627\u0644\u0641\u0646\u0627\u062f\u0642 \u0648 \u0627\u0644\u0645\u0637\u0627\u0639\u0645 \u0648 \u0645\u062e\u0627\u0628\u0632 \u0627\u0644\u062d\u0644\u0648\u064a\u0627\u062a.<\/span><\/p>\n<p style=\"text-align: justify;\"><span style=\"color: #000000; font-size: 12pt;\">\u062a\u062a\u0645\u064a\u0632 \u0628\u0633\u0647\u0648\u0644\u0629 \u0627\u0644\u0639\u0645\u0644 \u0639\u0644\u064a\u0647\u0627 \u0648 \u062a\u0646\u0638\u064a\u0641\u0647\u0627 \u0648 \u0635\u064a\u0627\u0646\u062a\u0647\u0627.<\/span><\/p>\n<p style=\"text-align: justify;\"><span style=\"color: #000000; font-size: 12pt;\">\u0627\u0633\u0637\u0648\u0627\u0646\u0627\u062a \u0627\u0644\u0641\u0631\u0627\u062f\u0629 \u0645\u0637\u0644\u064a\u0629 \u0628\u0627\u0644\u0643\u0631\u0648\u0645<\/span><\/p>\n<p style=\"text-align: justify;\"><span style=\"color: #000000; font-size: 12pt;\">\u0627\u0644\u0633\u064a\u0648\u0631 \u0627\u0644\u0645\u0633\u062a\u0648\u064a\u0629 \u0642\u0627\u0628\u0644\u0629 \u0644\u0644\u0637\u064a<\/span><\/p>\n<p style=\"text-align: justify;\"><span style=\"color: #000000; font-size: 12pt;\">\u0627\u0644\u062a\u062d\u0643\u0645 \u0648 \u0627\u0644\u062a\u0634\u063a\u064a\u0644 \u0628\u0627\u0644\u0637\u0631\u064a\u0642\u0629 \u0627\u0644\u064a\u062f\u0648\u064a\u0629 \u0623\u0648 \u0628\u0648\u0627\u0633\u0637\u0629 \u0627\u0644\u062f\u0648\u0627\u0633\u0627\u062a \u0627\u0644\u0642\u064a\u0627\u0633\u064a\u0629.<\/span><\/p>\n<p style=\"text-align: justify;\"><span style=\"color: #000000; font-size: 12pt;\"><strong>\u0627\u0644\u0645\u0648\u0627\u0635\u0641\u0627\u062a \u0627\u0644\u0641\u0646\u064a\u0629:<\/strong><\/span><\/p>\n<p style=\"text-align: justify;\"><span style=\"color: #000000; font-size: 12pt;\">\u0637\u0648\u0644 \u0627\u0644\u062c\u062f\u0648\u0644: 700<\/span><\/p>\n<p style=\"text-align: justify;\"><span style=\"color: #000000; font-size: 12pt;\">\u0637\u0648\u0644 \u0627\u0644\u0627\u0633\u0637\u0648\u0627\u0646\u0629: 500<\/span><\/p>\n<p style=\"text-align: justify;\"><span style=\"color: #000000; font-size: 12pt;\">\u0642\u0637\u0631 \u0627\u0644\u0627\u0633\u0637\u0648\u0627\u0646\u0629: 60<\/span><\/p>\n<p style=\"text-align: justify;\"><span style=\"color: #000000; font-size: 12pt;\">\u063a\u0634\u0627\u0621 \u0627\u0644\u0627\u0633\u0637\u0648\u0627\u0646\u0629: 0 \u2013 36<\/span><\/p>\n<p style=\"text-align: justify;\"><span style=\"color: #000000; font-size: 12pt;\">\u0633\u0631\u0639\u0629 \u062d\u0632\u0627\u0645 \u0627\u0644\u062e\u0631\u0648\u062c: 35<\/span><\/p>\n<p style=\"text-align: justify;\"><span style=\"color: #000000; font-size: 12pt;\">\u0627\u0644\u0637\u0627\u0642\u0629 \u0627\u0644\u0643\u0647\u0631\u0628\u0627\u0626\u064a\u0629: 0.55<\/span><\/p>\n<p style=\"text-align: justify;\"><span style=\"color: #000000; font-size: 12pt;\">\u0627\u0644\u062c\u0647\u062f: 400 \u0641\u0648\u0644\u0637 \/ 50 \u0647\u0631\u062a\u0632 \/ \u062b\u0644\u0627\u062b\u064a \u0627\u0644\u0637\u0648\u0631 230 \u0641\u0648\u0644\u0637 \/ 50 \u0647\u0631\u062a\u0632 \/ \u0627\u062d\u0627\u062f\u064a \u0627\u0644\u0637\u0648\u0631<\/span><\/p>\n<p style=\"text-align: justify;\"><span style=\"color: #000000; font-size: 12pt;\">\u0627\u0644\u0648\u0632\u0646: 190 \u0643\u0644\u063a<\/span><\/p>\n<p style=\"text-align: justify;\"><span style=\"color: #000000; font-size: 12pt;\">\u0627\u0644\u0623\u0628\u0639\u0627\u062f (A, B, C, D, E, F, G) :\u00a0 50\u00d7 70 \u00d7 152 \u00d7 185 \u00d7 58 \u00d7 138 \u00d7 92 \u00d7 190 \u0633\u0627\u0646\u062a\u06cc\u0645\u062a\u0631<\/span><\/p>\n<p style=\"text-align: justify;\"><span style=\"color: #000000; font-size: 12pt;\"><strong>\u0635\u0646\u0639 \u0641\u064a \u0627\u064a\u0637\u0627\u0644\u064a\u0627<\/strong><\/span><\/p>\n<p style=\"text-align: justify;\"><span style=\"color: #000000; font-size: 12pt;\">\u0628\u0627\u0645\u0643\u0627\u0646\u0643\u0645 \u0645\u062a\u0627\u0628\u0639\u0629 \u0623\u062e\u0631 \u0627\u0644\u0627\u062e\u0628\u0627\u0631 \u0648 \u0627\u0644\u0645\u0646\u062a\u062c\u0627\u062a \u0627\u0644\u062c\u062f\u064a\u062f\u0629 \u0644\u0644\u0634\u0631\u0643\u0629 \u0639\u0646 \u0637\u0631\u064a\u0642 \u062d\u0633\u0627\u0628\u0646\u0627 \u0641\u064a <span style=\"color: #0000ff;\"><a style=\"color: #0000ff;\" href=\"https:\/\/www.instagram.com\/alsaed_kitchen_equipment\/\">\u0627\u0644\u0627\u0646\u0633\u062a\u063a\u0631\u0627\u0645<\/a><\/span>.<\/span><\/p>\n<p>\u0644\u0634\u0631\u0627\u0621 \u0647\u0630\u0627 \u0627\u0644\u0645\u0646\u062a\u062c \u064a\u0645\u0643\u0646\u0643 \u0627\u0644\u0631\u062c\u0648\u0639 \u0625\u0644\u0649 \u0645\u0648\u0642\u0639 <a href=\"https:\/\/alsaedco.com\/ar\/\">\u0627\u0644\u0635\u0627\u0639\u062f<\/a>.<\/p>\n","protected":false},"featured_media":14658,"comment_status":"open","ping_status":"closed","template":"","meta":[],"product_brand":[],"product_cat":[516],"product_tag":[],"class_list":{"0":"post-13959","1":"product","2":"type-product","3":"status-publish","4":"has-post-thumbnail","6":"product_cat-cooking-equipment","8":"first","9":"instock","10":"shipping-taxable","11":"purchasable","12":"product-type-simple"},"_links":{"self":[{"href":"https:\/\/alsaedco.com\/ar\/wp-json\/wp\/v2\/product\/13959","targetHints":{"allow":["GET"]}}],"collection":[{"href":"https:\/\/alsaedco.com\/ar\/wp-json\/wp\/v2\/product"}],"about":[{"href":"https:\/\/alsaedco.com\/ar\/wp-json\/wp\/v2\/types\/product"}],"replies":[{"embeddable":true,"href":"https:\/\/alsaedco.com\/ar\/wp-json\/wp\/v2\/comments?post=13959"}],"version-history":[{"count":0,"href":"https:\/\/alsaedco.com\/ar\/wp-json\/wp\/v2\/product\/13959\/revisions"}],"wp:featuredmedia":[{"embeddable":true,"href":"https:\/\/alsaedco.com\/ar\/wp-json\/wp\/v2\/media\/14658"}],"wp:attachment":[{"href":"https:\/\/alsaedco.com\/ar\/wp-json\/wp\/v2\/media?parent=13959"}],"wp:term":[{"taxonomy":"product_brand","embeddable":true,"href":"https:\/\/alsaedco.com\/ar\/wp-json\/wp\/v2\/product_brand?post=13959"},{"taxonomy":"product_cat","embeddable":true,"href":"https:\/\/alsaedco.com\/ar\/wp-json\/wp\/v2\/product_cat?post=13959"},{"taxonomy":"product_tag","embeddable":true,"href":"https:\/\/alsaedco.com\/ar\/wp-json\/wp\/v2\/product_tag?post=13959"}],"curies":[{"name":"wp","href":"https:\/\/api.w.org\/{rel}","templated":true}]}}